{"id":88,"date":"2015-10-28T20:48:20","date_gmt":"2015-10-28T19:48:20","guid":{"rendered":"http:\/\/laia-alvarez.com\/?page_id=88"},"modified":"2025-02-12T13:56:12","modified_gmt":"2025-02-12T12:56:12","slug":"curriculum-actriz","status":"publish","type":"page","link":"https:\/\/laia-alvarez.com\/es\/curriculum-actriz\/","title":{"rendered":"CV"},"content":{"rendered":"\t\t<div data-elementor-type=\"wp-page\" data-elementor-id=\"88\" class=\"elementor elementor-88\" data-elementor-post-type=\"page\">\n\t\t\t\t<div class=\"elementor-element elementor-element-d3ffe87 e-con-full e-flex e-con e-parent\" data-id=\"d3ffe87\" data-element_type=\"container\">\n\t\t<div class=\"elementor-element elementor-element-95c02ab e-con-full e-flex e-con e-child\" data-id=\"95c02ab\" data-element_type=\"container\">\n\t\t<div class=\"elementor-element elementor-element-782e7e7 e-con-full e-flex e-con e-child\" data-id=\"782e7e7\" data-element_type=\"container\">\n\t\t\t\t<div class=\"elementor-element elementor-element-fc6b402 elementor-widget elementor-widget-heading\" data-id=\"fc6b402\" data-element_type=\"widget\" data-widget_type=\"heading.default\">\n\t\t\t\t<div class=\"elementor-widget-container\">\n\t\t\t\t\t<h4 class=\"elementor-heading-title elementor-size-default\">Cine\/TV<\/h4>\t\t\t\t<\/div>\n\t\t\t\t<\/div>\n\t\t\t\t<div class=\"elementor-element elementor-element-3775396 elementor-widget elementor-widget-text-editor\" data-id=\"3775396\" data-element_type=\"widget\" data-widget_type=\"text-editor.default\">\n\t\t\t\t<div class=\"elementor-widget-container\">\n\t\t\t\t\t\t\t\t\t<p>2025 In aller Freundschaft. Protagonista. Magaly P\u00e9rez. <strong>ARD<\/strong>. Dir. Daniel Drechsel-Grau<\/p><p>2025 Bone Palace. Dr. Nora Thalmann. <strong>Netflix<\/strong>. Dir. Lennart Ruff<\/p><p>2024 L\u00f6wenzahn. Personaje de continuidad. Ava. <strong>ZDFtivi<\/strong>. Dir. Hannes Spring<\/p><p>2024 SOKO Stuttgart. Protagonista. Claudia Michalek. <strong>ZDF<\/strong>.Dir. Daniel Helfer<\/p><p>2024 F\u00fcr Immer Sommer. \u00a0Personaje de continuidad. Antonia Domingo Krupp. <strong>ARD<\/strong>. Dir. Micky Rohwitz<\/p><p>2024 SOKO Leipzig. Protagonista.\u00a0Irene Kr\u00e4mer. <strong>ZDF<\/strong>. Dir. Lydia Bruna<\/p><p>2023 Die Drei von der M\u00fcllabfuhr &#8211; Der Neue.\u00a0Protagonista. Ana Gonz\u00e1lez. <strong>ARD<\/strong>. Dir. Christiane Balthasar<\/p><p>2023 Fritzie &#8211; Der Himmel muss warten. <strong>ZDF<\/strong>. Lisa Marie. Dir. Franziska H\u00f6risch<\/p><p>2023 L\u00f6wenzahn. <strong>KIKA<\/strong>. Ava. Dir. Hannes Spring<\/p><p>2023 Speak Up. <strong>DFFB. <\/strong>Laura Rodr\u00edguez. Dir. Sof\u00eda Ayala<\/p><p>2023 Oben Ohne. Largometraje. W\u00e4rterin. Dir. Isis Rampf<\/p><p>2023 Ein Hartes St\u00fcck. Teaser. Ana Maria. Dir. Eva Habermann<\/p><p>2022 Endlich Witwer-\u00dcber alle Berge, <strong>ZDF<\/strong>. Valeria. Dir. Martin Enlen<\/p><p>2022 Wolfsland-Das dreckige Dutzend, <strong>ARD\/MDR<\/strong>. Alicia. Dir. Felix Herzogenrath<\/p><p>2022 Blutige Anf\u00e4nger, <strong>ZDF<\/strong>. Benita Wolf. Dir. Philipp Eichholtz<\/p><p>2021 Abgenabelt, <strong>Amazon Prime<\/strong>. Frau Kieler-Hidalgo. Dir. Florian Schwarz<\/p><p>2020 Der gute Bulle- nur Tote reden nicht, <strong>ZDF<\/strong>. Carola. Dir. Lars Becker<\/p><p>2020 Gute Zeiten Schlechte Zeiten, <strong>RTL<\/strong>. Cecile. Dir. Hannes Spring<\/p><p>2019 Com si fos ahir, <strong>TV3<\/strong>. Candela. Dir. S\u00f2nia S\u00e1nchez<\/p><p>2019 Venus Express,<strong> DFFB<\/strong>. Helena. Dir. Sofia Ayala2017 Jesus Fuckers, <strong>HFF<\/strong>. Christine. Dir. Gloria Stern<\/p><p>2016 Shell,<strong> MET<\/strong>. Julia. Luca Forcignano<\/p><p>2012 Drei Geister, <strong>HTW<\/strong>. Geist. Johanna H\u00fallar<\/p>\t\t\t\t\t\t\t\t<\/div>\n\t\t\t\t<\/div>\n\t\t\t\t<\/div>\n\t\t<div class=\"elementor-element elementor-element-5f20ad2 e-con-full e-flex e-con e-child\" data-id=\"5f20ad2\" data-element_type=\"container\">\n\t\t\t\t<div class=\"elementor-element elementor-element-867b1dd elementor-widget elementor-widget-heading\" data-id=\"867b1dd\" data-element_type=\"widget\" data-widget_type=\"heading.default\">\n\t\t\t\t<div class=\"elementor-widget-container\">\n\t\t\t\t\t<h4 class=\"elementor-heading-title elementor-size-default\">Teatro (selecci\u00f3n)<\/h4>\t\t\t\t<\/div>\n\t\t\t\t<\/div>\n\t\t\t\t<div class=\"elementor-element elementor-element-12e46d9 elementor-widget elementor-widget-text-editor\" data-id=\"12e46d9\" data-element_type=\"widget\" data-widget_type=\"text-editor.default\">\n\t\t\t\t<div class=\"elementor-widget-container\">\n\t\t\t\t\t\t\t\t\t<p>2016 Kings, MTSB (Berl\u00edn). Mehmet. Andrea Pinkowski<\/p><p>2016 Vamos, Tanzfabrik (Berl\u00edn). Bailarina. Bettina Truffat<\/p><p>2016 Glaube Liebe Hoffnung, MTSB (Berl\u00edn). Elisabeth. Dido-Marie Laux<\/p><p>2015 Irgendwo m\u00fcsste es sch\u00f6n sein, Tschechow Studio (Berl\u00edn) . Susanne. Justus Carri\u00e8re<\/p><p>2014 Bernarda Albas Haus, MTSB (Berl\u00edn). Martirio. Beatrice Scharmann<\/p><p>2013 Hysterikon, Theater Forum Kreuzberg (Berl\u00edn), Frigitte. Beatrice Scharmann<\/p><p>2009 Romeo y Julieta, SAT Barcelona. Julieta. Cristina de Benito<\/p>\t\t\t\t\t\t\t\t<\/div>\n\t\t\t\t<\/div>\n\t\t\t\t<\/div>\n\t\t<div class=\"elementor-element elementor-element-6d103bf e-con-full e-flex e-con e-child\" data-id=\"6d103bf\" data-element_type=\"container\">\n\t\t\t\t<div class=\"elementor-element elementor-element-ae633fa elementor-widget elementor-widget-heading\" data-id=\"ae633fa\" data-element_type=\"widget\" data-widget_type=\"heading.default\">\n\t\t\t\t<div class=\"elementor-widget-container\">\n\t\t\t\t\t<h4 class=\"elementor-heading-title elementor-size-default\">Formaci\u00f3n<\/h4>\t\t\t\t<\/div>\n\t\t\t\t<\/div>\n\t\t\t\t<div class=\"elementor-element elementor-element-718f656 elementor-widget elementor-widget-text-editor\" data-id=\"718f656\" data-element_type=\"widget\" data-widget_type=\"text-editor.default\">\n\t\t\t\t<div class=\"elementor-widget-container\">\n\t\t\t\t\t\t\t\t\t<p>2018 Laura Jou Estudi per l&#8217;actor. Coaching con Gerard Oms<\/p><p>2018-2019 Ivanna Chubbuck con Frank Feys. Actors Workshop, Barcelona<\/p><p>2018 Luci Lenox. Acting in English. Frankstein Studio, Barcelona.<\/p><p>2018 Pep Armengol. Monogr\u00e1fico sobre Casting. Complot Esc\u00e9nico, Barcelona<\/p><p>2018 Tonucha Vidal. Monogr\u00e1fico sobre casting. Complot Esc\u00e9nico, Barcelona<\/p><p>2018 Ricardo A. Solla. SITCOM. La Bobina, Barcelona<\/p><p>2018 Esteve Rovira. Actuaci\u00f3n en c\u00e1mara. La Bobina, Barcelona<\/p><p><strong>2013-2016 Estudios de arte dram\u00e1tico en la escuela Chekov de Berlin (Berl\u00edn)<\/strong><\/p>\t\t\t\t\t\t\t\t<\/div>\n\t\t\t\t<\/div>\n\t\t\t\t<\/div>\n\t\t<div class=\"elementor-element elementor-element-caf6c42 e-con-full e-flex e-con e-child\" data-id=\"caf6c42\" data-element_type=\"container\">\n\t\t\t\t<div class=\"elementor-element elementor-element-7867a58 elementor-widget elementor-widget-heading\" data-id=\"7867a58\" data-element_type=\"widget\" data-widget_type=\"heading.default\">\n\t\t\t\t<div class=\"elementor-widget-container\">\n\t\t\t\t\t<h4 class=\"elementor-heading-title elementor-size-default\">Idiomas<\/h4>\t\t\t\t<\/div>\n\t\t\t\t<\/div>\n\t\t\t\t<div class=\"elementor-element elementor-element-e6b85aa elementor-widget elementor-widget-text-editor\" data-id=\"e6b85aa\" data-element_type=\"widget\" data-widget_type=\"text-editor.default\">\n\t\t\t\t<div class=\"elementor-widget-container\">\n\t\t\t\t\t\t\t\t\t<p>Alem\u00e1n nivel nativo<\/p><p>Ingl\u00e9s muy fluido<\/p><p>Castellano y catal\u00e1n lenguas maternas<\/p><p>Italiano y franc\u00e9s b\u00e1sico<\/p>\t\t\t\t\t\t\t\t<\/div>\n\t\t\t\t<\/div>\n\t\t\t\t<\/div>\n\t\t<div class=\"elementor-element elementor-element-81eb5e3 e-con-full e-flex e-con e-child\" data-id=\"81eb5e3\" data-element_type=\"container\">\n\t\t\t\t<div class=\"elementor-element elementor-element-fa47573 elementor-widget elementor-widget-heading\" data-id=\"fa47573\" data-element_type=\"widget\" data-widget_type=\"heading.default\">\n\t\t\t\t<div class=\"elementor-widget-container\">\n\t\t\t\t\t<h4 class=\"elementor-heading-title elementor-size-default\">Otros<\/h4>\t\t\t\t<\/div>\n\t\t\t\t<\/div>\n\t\t\t\t<div class=\"elementor-element elementor-element-d6fdab5 elementor-widget elementor-widget-text-editor\" data-id=\"d6fdab5\" data-element_type=\"widget\" data-widget_type=\"text-editor.default\">\n\t\t\t\t<div class=\"elementor-widget-container\">\n\t\t\t\t\t\t\t\t\t<p>2016 Workshop con Ted Pugh y Fern Sloan. Actors Ensemble Nova York<\/p><p>2009 Licenciatura en Periodismo. Universitat Aut\u00f2noma. Barcelona<\/p><p>2012 Curso de moderaci\u00f3n en TV. Laura Sol\u00e9 (TV3). Barcelona<\/p><p>2013-2017 Tango argentino en TTMS (Berl\u00edn)<\/p><p>2014 Finalista del concurso de autores de teatro IN ZUKUNFT II (Westf\u00e4lisches Landestheater)<\/p><p>2010 Taller Lecoq. Col.legi del Teatre. Barcelona<\/p>\t\t\t\t\t\t\t\t<\/div>\n\t\t\t\t<\/div>\n\t\t\t\t<\/div>\n\t\t\t\t<\/div>\n\t\t<div class=\"elementor-element elementor-element-5ccfa2e e-con-full e-flex elementor-invisible e-con e-child\" data-id=\"5ccfa2e\" data-element_type=\"container\" data-settings=\"{&quot;background_background&quot;:&quot;slideshow&quot;,&quot;sticky&quot;:&quot;top&quot;,&quot;sticky_on&quot;:[&quot;desktop&quot;,&quot;tablet&quot;],&quot;animation&quot;:&quot;fadeIn&quot;,&quot;background_slideshow_gallery&quot;:[{&quot;id&quot;:3784,&quot;url&quot;:&quot;https:\\\/\\\/laia-alvarez.com\\\/wp-content\\\/uploads\\\/2025\\\/02\\\/laia-alvarez-actress-5.jpg&quot;},{&quot;id&quot;:3788,&quot;url&quot;:&quot;https:\\\/\\\/laia-alvarez.com\\\/wp-content\\\/uploads\\\/2025\\\/02\\\/laia-alvarez-actress-8b-1.jpg&quot;}],&quot;background_slideshow_loop&quot;:&quot;yes&quot;,&quot;background_slideshow_slide_duration&quot;:5000,&quot;background_slideshow_slide_transition&quot;:&quot;fade&quot;,&quot;background_slideshow_transition_duration&quot;:500,&quot;sticky_offset&quot;:0,&quot;sticky_effects_offset&quot;:0,&quot;sticky_anchor_link_offset&quot;:0}\">\n\t\t\t\t<div class=\"elementor-element elementor-element-daf002a elementor-widget elementor-widget-spacer\" data-id=\"daf002a\" data-element_type=\"widget\" data-widget_type=\"spacer.default\">\n\t\t\t\t<div class=\"elementor-widget-container\">\n\t\t\t\t\t\t\t<div class=\"elementor-spacer\">\n\t\t\t<div class=\"elementor-spacer-inner\"><\/div>\n\t\t<\/div>\n\t\t\t\t\t\t<\/div>\n\t\t\t\t<\/div>\n\t\t\t\t<\/div>\n\t\t\t\t<\/div>\n\t\t\t\t<\/div>\n\t\t","protected":false},"excerpt":{"rendered":"<p>Cine\/TV 2025 In aller Freundschaft. Protagonista. Magaly P\u00e9rez. ARD. Dir. Daniel Drechsel-Grau 2025 Bone Palace. Dr. Nora Thalmann. Netflix. Dir. Lennart Ruff 2024 L\u00f6wenzahn. Personaje de continuidad. Ava. ZDFtivi. Dir. Hannes Spring 2024 SOKO Stuttgart. Protagonista. Claudia Michalek. ZDF.Dir. Daniel Helfer 2024 F\u00fcr Immer Sommer. \u00a0Personaje de continuidad. Antonia Domingo Krupp. ARD. Dir. Micky Rohwitz [&hellip;]<\/p>\n","protected":false},"author":5,"featured_media":0,"parent":0,"menu_order":0,"comment_status":"closed","ping_status":"closed","template":"","meta":{"footnotes":""},"class_list":["post-88","page","type-page","status-publish","hentry"],"yoast_head":"<!-- This site is optimized with the Yoast SEO plugin v27.4 - https:\/\/yoast.com\/product\/yoast-seo-wordpress\/ -->\n<title>CV - Laia Alvarez<\/title>\n<meta name=\"description\" content=\"Actriz con alem\u00e1n.\" \/>\n<meta name=\"robots\" content=\"index, follow, max-snippet:-1, max-image-preview:large, max-video-preview:-1\" \/>\n<link rel=\"canonical\" href=\"https:\/\/laia-alvarez.com\/es\/curriculum-actriz\/\" \/>\n<meta property=\"og:locale\" content=\"es_ES\" \/>\n<meta property=\"og:type\" content=\"article\" \/>\n<meta property=\"og:title\" content=\"CV - Laia Alvarez\" \/>\n<meta property=\"og:description\" content=\"Actriz con alem\u00e1n.\" \/>\n<meta property=\"og:url\" content=\"https:\/\/laia-alvarez.com\/es\/curriculum-actriz\/\" \/>\n<meta property=\"og:site_name\" content=\"Laia Alvarez\" \/>\n<meta property=\"article:modified_time\" content=\"2025-02-12T12:56:12+00:00\" \/>\n<meta name=\"twitter:card\" content=\"summary_large_image\" \/>\n<meta name=\"twitter:label1\" content=\"Tiempo de lectura\" \/>\n\t<meta name=\"twitter:data1\" content=\"3 minutos\" \/>\n<script type=\"application\/ld+json\" class=\"yoast-schema-graph\">{\"@context\":\"https:\\\/\\\/schema.org\",\"@graph\":[{\"@type\":\"WebPage\",\"@id\":\"https:\\\/\\\/laia-alvarez.com\\\/es\\\/curriculum-actriz\\\/\",\"url\":\"https:\\\/\\\/laia-alvarez.com\\\/es\\\/curriculum-actriz\\\/\",\"name\":\"CV - Laia Alvarez\",\"isPartOf\":{\"@id\":\"https:\\\/\\\/laia-alvarez.com\\\/#website\"},\"datePublished\":\"2015-10-28T19:48:20+00:00\",\"dateModified\":\"2025-02-12T12:56:12+00:00\",\"description\":\"Actriz con alem\u00e1n.\",\"breadcrumb\":{\"@id\":\"https:\\\/\\\/laia-alvarez.com\\\/es\\\/curriculum-actriz\\\/#breadcrumb\"},\"inLanguage\":\"es\",\"potentialAction\":[{\"@type\":\"ReadAction\",\"target\":[\"https:\\\/\\\/laia-alvarez.com\\\/es\\\/curriculum-actriz\\\/\"]}]},{\"@type\":\"BreadcrumbList\",\"@id\":\"https:\\\/\\\/laia-alvarez.com\\\/es\\\/curriculum-actriz\\\/#breadcrumb\",\"itemListElement\":[{\"@type\":\"ListItem\",\"position\":1,\"name\":\"Portada\",\"item\":\"https:\\\/\\\/laia-alvarez.com\\\/es\\\/actriz-con-tango\\\/\"},{\"@type\":\"ListItem\",\"position\":2,\"name\":\"CV\"}]},{\"@type\":\"WebSite\",\"@id\":\"https:\\\/\\\/laia-alvarez.com\\\/#website\",\"url\":\"https:\\\/\\\/laia-alvarez.com\\\/\",\"name\":\"Laia Alvarez\",\"description\":\"\",\"publisher\":{\"@id\":\"https:\\\/\\\/laia-alvarez.com\\\/#\\\/schema\\\/person\\\/4166490bf542d632c5f26a3d822c905e\"},\"potentialAction\":[{\"@type\":\"SearchAction\",\"target\":{\"@type\":\"EntryPoint\",\"urlTemplate\":\"https:\\\/\\\/laia-alvarez.com\\\/?s={search_term_string}\"},\"query-input\":{\"@type\":\"PropertyValueSpecification\",\"valueRequired\":true,\"valueName\":\"search_term_string\"}}],\"inLanguage\":\"es\"},{\"@type\":[\"Person\",\"Organization\"],\"@id\":\"https:\\\/\\\/laia-alvarez.com\\\/#\\\/schema\\\/person\\\/4166490bf542d632c5f26a3d822c905e\",\"name\":\"Laia Alvarez\",\"image\":{\"@type\":\"ImageObject\",\"inLanguage\":\"es\",\"@id\":\"https:\\\/\\\/laia-alvarez.com\\\/wp-content\\\/uploads\\\/2019\\\/02\\\/laia-alvarez-actress-04.jpg\",\"url\":\"https:\\\/\\\/laia-alvarez.com\\\/wp-content\\\/uploads\\\/2019\\\/02\\\/laia-alvarez-actress-04.jpg\",\"contentUrl\":\"https:\\\/\\\/laia-alvarez.com\\\/wp-content\\\/uploads\\\/2019\\\/02\\\/laia-alvarez-actress-04.jpg\",\"width\":667,\"height\":1000,\"caption\":\"Laia Alvarez\"},\"logo\":{\"@id\":\"https:\\\/\\\/laia-alvarez.com\\\/wp-content\\\/uploads\\\/2019\\\/02\\\/laia-alvarez-actress-04.jpg\"},\"sameAs\":[\"laia_alvarezz\"]}]}<\/script>\n<!-- \/ Yoast SEO plugin. -->","yoast_head_json":{"title":"CV - Laia Alvarez","description":"Actriz con alem\u00e1n.","robots":{"index":"index","follow":"follow","max-snippet":"max-snippet:-1","max-image-preview":"max-image-preview:large","max-video-preview":"max-video-preview:-1"},"canonical":"https:\/\/laia-alvarez.com\/es\/curriculum-actriz\/","og_locale":"es_ES","og_type":"article","og_title":"CV - Laia Alvarez","og_description":"Actriz con alem\u00e1n.","og_url":"https:\/\/laia-alvarez.com\/es\/curriculum-actriz\/","og_site_name":"Laia Alvarez","article_modified_time":"2025-02-12T12:56:12+00:00","twitter_card":"summary_large_image","twitter_misc":{"Tiempo de lectura":"3 minutos"},"schema":{"@context":"https:\/\/schema.org","@graph":[{"@type":"WebPage","@id":"https:\/\/laia-alvarez.com\/es\/curriculum-actriz\/","url":"https:\/\/laia-alvarez.com\/es\/curriculum-actriz\/","name":"CV - Laia Alvarez","isPartOf":{"@id":"https:\/\/laia-alvarez.com\/#website"},"datePublished":"2015-10-28T19:48:20+00:00","dateModified":"2025-02-12T12:56:12+00:00","description":"Actriz con alem\u00e1n.","breadcrumb":{"@id":"https:\/\/laia-alvarez.com\/es\/curriculum-actriz\/#breadcrumb"},"inLanguage":"es","potentialAction":[{"@type":"ReadAction","target":["https:\/\/laia-alvarez.com\/es\/curriculum-actriz\/"]}]},{"@type":"BreadcrumbList","@id":"https:\/\/laia-alvarez.com\/es\/curriculum-actriz\/#breadcrumb","itemListElement":[{"@type":"ListItem","position":1,"name":"Portada","item":"https:\/\/laia-alvarez.com\/es\/actriz-con-tango\/"},{"@type":"ListItem","position":2,"name":"CV"}]},{"@type":"WebSite","@id":"https:\/\/laia-alvarez.com\/#website","url":"https:\/\/laia-alvarez.com\/","name":"Laia Alvarez","description":"","publisher":{"@id":"https:\/\/laia-alvarez.com\/#\/schema\/person\/4166490bf542d632c5f26a3d822c905e"},"potentialAction":[{"@type":"SearchAction","target":{"@type":"EntryPoint","urlTemplate":"https:\/\/laia-alvarez.com\/?s={search_term_string}"},"query-input":{"@type":"PropertyValueSpecification","valueRequired":true,"valueName":"search_term_string"}}],"inLanguage":"es"},{"@type":["Person","Organization"],"@id":"https:\/\/laia-alvarez.com\/#\/schema\/person\/4166490bf542d632c5f26a3d822c905e","name":"Laia Alvarez","image":{"@type":"ImageObject","inLanguage":"es","@id":"https:\/\/laia-alvarez.com\/wp-content\/uploads\/2019\/02\/laia-alvarez-actress-04.jpg","url":"https:\/\/laia-alvarez.com\/wp-content\/uploads\/2019\/02\/laia-alvarez-actress-04.jpg","contentUrl":"https:\/\/laia-alvarez.com\/wp-content\/uploads\/2019\/02\/laia-alvarez-actress-04.jpg","width":667,"height":1000,"caption":"Laia Alvarez"},"logo":{"@id":"https:\/\/laia-alvarez.com\/wp-content\/uploads\/2019\/02\/laia-alvarez-actress-04.jpg"},"sameAs":["laia_alvarezz"]}]}},"_links":{"self":[{"href":"https:\/\/laia-alvarez.com\/es\/wp-json\/wp\/v2\/pages\/88","targetHints":{"allow":["GET"]}}],"collection":[{"href":"https:\/\/laia-alvarez.com\/es\/wp-json\/wp\/v2\/pages"}],"about":[{"href":"https:\/\/laia-alvarez.com\/es\/wp-json\/wp\/v2\/types\/page"}],"author":[{"embeddable":true,"href":"https:\/\/laia-alvarez.com\/es\/wp-json\/wp\/v2\/users\/5"}],"replies":[{"embeddable":true,"href":"https:\/\/laia-alvarez.com\/es\/wp-json\/wp\/v2\/comments?post=88"}],"version-history":[{"count":0,"href":"https:\/\/laia-alvarez.com\/es\/wp-json\/wp\/v2\/pages\/88\/revisions"}],"wp:attachment":[{"href":"https:\/\/laia-alvarez.com\/es\/wp-json\/wp\/v2\/media?parent=88"}],"curies":[{"name":"wp","href":"https:\/\/api.w.org\/{rel}","templated":true}]}}