{"id":1403,"date":"2019-02-22T20:56:14","date_gmt":"2019-02-22T19:56:14","guid":{"rendered":"https:\/\/laia-alvarez.com\/?page_id=1403"},"modified":"2025-02-12T13:19:58","modified_gmt":"2025-02-12T12:19:58","slug":"bio","status":"publish","type":"page","link":"https:\/\/laia-alvarez.com\/es\/bio\/","title":{"rendered":"Bio"},"content":{"rendered":"\t\t<div data-elementor-type=\"wp-page\" data-elementor-id=\"1403\" class=\"elementor elementor-1403\" data-elementor-post-type=\"page\">\n\t\t\t\t<div class=\"elementor-element elementor-element-e5df74c e-con-full e-flex e-con e-parent\" data-id=\"e5df74c\" data-element_type=\"container\">\n\t\t<div class=\"elementor-element elementor-element-675d32a e-con-full e-flex e-con e-child\" data-id=\"675d32a\" data-element_type=\"container\">\n\t\t<div class=\"elementor-element elementor-element-11ae18b e-con-full e-flex e-con e-child\" data-id=\"11ae18b\" data-element_type=\"container\">\n\t\t\t\t<div class=\"elementor-element elementor-element-048544f elementor-widget elementor-widget-text-editor\" data-id=\"048544f\" data-element_type=\"widget\" data-widget_type=\"text-editor.default\">\n\t\t\t\t<div class=\"elementor-widget-container\">\n\t\t\t\t\t\t\t\t\t<p>Laia Alvarez nace en Barcelona. Sus ansias por viajar y sed por aprender sobre el mundo la llevan a Londres de muy jovencita. Despu\u00e9s de perfeccionar su ingl\u00e9s vuelve a Barcelona, donde se licencia en periodismo (UNIVERSITAT AUT\u00d2NOMA DE BARCELONA, 2009).<\/p><p>Durante una estancia en la Universidad de las Artes se enamora de las vibraciones de Berl\u00edn y decide formarse all\u00ed como actriz. Se licencia en arte dram\u00e1tico por la ESCUELA CHEKOV de Berl\u00edn y\u00a02018 \u00a0vuelve a su ciudad natal para ampliar su formaci\u00f3n en c\u00e1mara. Entre otros, pasa por LAURA JOU ESTUDI PER L\u00b4ACTOR, y se forma en m\u00e9todo Chubbuck, junto al entrenador oficial de Ivanna Chubbuck en Espa\u00f1a, Frank Feys.<\/p><p>El primer debut en su lengua materna es en la serie de\u00a0<strong>TV3<\/strong>, COM SI FOS AHIR (2019), junto a Enric Auquer y Marina Rodr\u00edguez, interpretando el papel de \u00abCandela\u00bb.<\/p><p>Entre otros, Laia Alvarez ha rodado para la \u00faltima pel\u00edcula del apreciado director alem\u00e1n Lars Becker, DER GUTE BULLE, que se present\u00f3 en el\u00a0<strong>FESTIVAL INTERNACIONAL DE CINE DE COLONIA<\/strong>\u00a0de 2020, para la serie de comadronas ABGENABELT (<strong>AMAZON PRIME<\/strong>), para la emblem\u00e1tica pel\u00edcula en formato televisivo WOLFSLAND (<strong>2022<\/strong>) o para la \u00faltima coproducci\u00f3n de la canaria\u00a0<strong>SEVEN ISLANDS FILM<\/strong>\u00a0(ENDLICH WITWER\u00a0<strong>2023<\/strong>).<\/p><p>A pesar de trabajar sobretodo en Alemania, la actriz afirma que \u00abvive entre dos ciudades que ama, pero que a\u00fan as\u00ed, se mueve all\u00ed d\u00f3nde le lleve el viento\u00bb.\u00a0 Tras la repentina muerte de su padre en Barcelona (2022), \u00abespera que el viento le lleve m\u00e1s hacia su patria\u00bb.<\/p>\t\t\t\t\t\t\t\t<\/div>\n\t\t\t\t<\/div>\n\t\t\t\t<\/div>\n\t\t\t\t<\/div>\n\t\t<div class=\"elementor-element elementor-element-3295dcb e-con-full e-flex elementor-invisible e-con e-child\" data-id=\"3295dcb\" data-element_type=\"container\" data-settings=\"{&quot;background_background&quot;:&quot;classic&quot;,&quot;sticky&quot;:&quot;top&quot;,&quot;sticky_on&quot;:[&quot;desktop&quot;,&quot;tablet&quot;],&quot;animation&quot;:&quot;fadeIn&quot;,&quot;sticky_offset&quot;:0,&quot;sticky_effects_offset&quot;:0,&quot;sticky_anchor_link_offset&quot;:0}\">\n\t\t\t\t<div class=\"elementor-element elementor-element-485266f elementor-widget elementor-widget-spacer\" data-id=\"485266f\" data-element_type=\"widget\" data-widget_type=\"spacer.default\">\n\t\t\t\t<div class=\"elementor-widget-container\">\n\t\t\t\t\t\t\t<div class=\"elementor-spacer\">\n\t\t\t<div class=\"elementor-spacer-inner\"><\/div>\n\t\t<\/div>\n\t\t\t\t\t\t<\/div>\n\t\t\t\t<\/div>\n\t\t\t\t<\/div>\n\t\t\t\t<\/div>\n\t\t\t\t<\/div>\n\t\t","protected":false},"excerpt":{"rendered":"","protected":false},"author":5,"featured_media":0,"parent":0,"menu_order":0,"comment_status":"closed","ping_status":"closed","template":"","meta":{"footnotes":""},"class_list":["post-1403","page","type-page","status-publish","hentry"],"yoast_head":"<!-- This site is optimized with the Yoast SEO plugin v27.4 - https:\/\/yoast.com\/product\/yoast-seo-wordpress\/ -->\n<title>Bio - Laia Alvarez<\/title>\n<meta name=\"robots\" content=\"index, follow, max-snippet:-1, max-image-preview:large, max-video-preview:-1\" \/>\n<link rel=\"canonical\" href=\"https:\/\/laia-alvarez.com\/es\/bio\/\" \/>\n<meta property=\"og:locale\" content=\"es_ES\" \/>\n<meta property=\"og:type\" content=\"article\" \/>\n<meta property=\"og:title\" content=\"Bio - Laia Alvarez\" \/>\n<meta property=\"og:url\" content=\"https:\/\/laia-alvarez.com\/es\/bio\/\" \/>\n<meta property=\"og:site_name\" content=\"Laia Alvarez\" \/>\n<meta property=\"article:modified_time\" content=\"2025-02-12T12:19:58+00:00\" \/>\n<meta name=\"twitter:card\" content=\"summary_large_image\" \/>\n<script type=\"application\/ld+json\" class=\"yoast-schema-graph\">{\"@context\":\"https:\\\/\\\/schema.org\",\"@graph\":[{\"@type\":\"WebPage\",\"@id\":\"https:\\\/\\\/laia-alvarez.com\\\/es\\\/bio\\\/\",\"url\":\"https:\\\/\\\/laia-alvarez.com\\\/es\\\/bio\\\/\",\"name\":\"Bio - Laia Alvarez\",\"isPartOf\":{\"@id\":\"https:\\\/\\\/laia-alvarez.com\\\/#website\"},\"datePublished\":\"2019-02-22T19:56:14+00:00\",\"dateModified\":\"2025-02-12T12:19:58+00:00\",\"breadcrumb\":{\"@id\":\"https:\\\/\\\/laia-alvarez.com\\\/es\\\/bio\\\/#breadcrumb\"},\"inLanguage\":\"es\",\"potentialAction\":[{\"@type\":\"ReadAction\",\"target\":[\"https:\\\/\\\/laia-alvarez.com\\\/es\\\/bio\\\/\"]}]},{\"@type\":\"BreadcrumbList\",\"@id\":\"https:\\\/\\\/laia-alvarez.com\\\/es\\\/bio\\\/#breadcrumb\",\"itemListElement\":[{\"@type\":\"ListItem\",\"position\":1,\"name\":\"Portada\",\"item\":\"https:\\\/\\\/laia-alvarez.com\\\/es\\\/actriz-con-tango\\\/\"},{\"@type\":\"ListItem\",\"position\":2,\"name\":\"Bio\"}]},{\"@type\":\"WebSite\",\"@id\":\"https:\\\/\\\/laia-alvarez.com\\\/#website\",\"url\":\"https:\\\/\\\/laia-alvarez.com\\\/\",\"name\":\"Laia Alvarez\",\"description\":\"\",\"publisher\":{\"@id\":\"https:\\\/\\\/laia-alvarez.com\\\/#\\\/schema\\\/person\\\/4166490bf542d632c5f26a3d822c905e\"},\"potentialAction\":[{\"@type\":\"SearchAction\",\"target\":{\"@type\":\"EntryPoint\",\"urlTemplate\":\"https:\\\/\\\/laia-alvarez.com\\\/?s={search_term_string}\"},\"query-input\":{\"@type\":\"PropertyValueSpecification\",\"valueRequired\":true,\"valueName\":\"search_term_string\"}}],\"inLanguage\":\"es\"},{\"@type\":[\"Person\",\"Organization\"],\"@id\":\"https:\\\/\\\/laia-alvarez.com\\\/#\\\/schema\\\/person\\\/4166490bf542d632c5f26a3d822c905e\",\"name\":\"Laia Alvarez\",\"image\":{\"@type\":\"ImageObject\",\"inLanguage\":\"es\",\"@id\":\"https:\\\/\\\/laia-alvarez.com\\\/wp-content\\\/uploads\\\/2019\\\/02\\\/laia-alvarez-actress-04.jpg\",\"url\":\"https:\\\/\\\/laia-alvarez.com\\\/wp-content\\\/uploads\\\/2019\\\/02\\\/laia-alvarez-actress-04.jpg\",\"contentUrl\":\"https:\\\/\\\/laia-alvarez.com\\\/wp-content\\\/uploads\\\/2019\\\/02\\\/laia-alvarez-actress-04.jpg\",\"width\":667,\"height\":1000,\"caption\":\"Laia Alvarez\"},\"logo\":{\"@id\":\"https:\\\/\\\/laia-alvarez.com\\\/wp-content\\\/uploads\\\/2019\\\/02\\\/laia-alvarez-actress-04.jpg\"},\"sameAs\":[\"laia_alvarezz\"]}]}<\/script>\n<!-- \/ Yoast SEO plugin. -->","yoast_head_json":{"title":"Bio - Laia Alvarez","robots":{"index":"index","follow":"follow","max-snippet":"max-snippet:-1","max-image-preview":"max-image-preview:large","max-video-preview":"max-video-preview:-1"},"canonical":"https:\/\/laia-alvarez.com\/es\/bio\/","og_locale":"es_ES","og_type":"article","og_title":"Bio - Laia Alvarez","og_url":"https:\/\/laia-alvarez.com\/es\/bio\/","og_site_name":"Laia Alvarez","article_modified_time":"2025-02-12T12:19:58+00:00","twitter_card":"summary_large_image","schema":{"@context":"https:\/\/schema.org","@graph":[{"@type":"WebPage","@id":"https:\/\/laia-alvarez.com\/es\/bio\/","url":"https:\/\/laia-alvarez.com\/es\/bio\/","name":"Bio - Laia Alvarez","isPartOf":{"@id":"https:\/\/laia-alvarez.com\/#website"},"datePublished":"2019-02-22T19:56:14+00:00","dateModified":"2025-02-12T12:19:58+00:00","breadcrumb":{"@id":"https:\/\/laia-alvarez.com\/es\/bio\/#breadcrumb"},"inLanguage":"es","potentialAction":[{"@type":"ReadAction","target":["https:\/\/laia-alvarez.com\/es\/bio\/"]}]},{"@type":"BreadcrumbList","@id":"https:\/\/laia-alvarez.com\/es\/bio\/#breadcrumb","itemListElement":[{"@type":"ListItem","position":1,"name":"Portada","item":"https:\/\/laia-alvarez.com\/es\/actriz-con-tango\/"},{"@type":"ListItem","position":2,"name":"Bio"}]},{"@type":"WebSite","@id":"https:\/\/laia-alvarez.com\/#website","url":"https:\/\/laia-alvarez.com\/","name":"Laia Alvarez","description":"","publisher":{"@id":"https:\/\/laia-alvarez.com\/#\/schema\/person\/4166490bf542d632c5f26a3d822c905e"},"potentialAction":[{"@type":"SearchAction","target":{"@type":"EntryPoint","urlTemplate":"https:\/\/laia-alvarez.com\/?s={search_term_string}"},"query-input":{"@type":"PropertyValueSpecification","valueRequired":true,"valueName":"search_term_string"}}],"inLanguage":"es"},{"@type":["Person","Organization"],"@id":"https:\/\/laia-alvarez.com\/#\/schema\/person\/4166490bf542d632c5f26a3d822c905e","name":"Laia Alvarez","image":{"@type":"ImageObject","inLanguage":"es","@id":"https:\/\/laia-alvarez.com\/wp-content\/uploads\/2019\/02\/laia-alvarez-actress-04.jpg","url":"https:\/\/laia-alvarez.com\/wp-content\/uploads\/2019\/02\/laia-alvarez-actress-04.jpg","contentUrl":"https:\/\/laia-alvarez.com\/wp-content\/uploads\/2019\/02\/laia-alvarez-actress-04.jpg","width":667,"height":1000,"caption":"Laia Alvarez"},"logo":{"@id":"https:\/\/laia-alvarez.com\/wp-content\/uploads\/2019\/02\/laia-alvarez-actress-04.jpg"},"sameAs":["laia_alvarezz"]}]}},"_links":{"self":[{"href":"https:\/\/laia-alvarez.com\/es\/wp-json\/wp\/v2\/pages\/1403","targetHints":{"allow":["GET"]}}],"collection":[{"href":"https:\/\/laia-alvarez.com\/es\/wp-json\/wp\/v2\/pages"}],"about":[{"href":"https:\/\/laia-alvarez.com\/es\/wp-json\/wp\/v2\/types\/page"}],"author":[{"embeddable":true,"href":"https:\/\/laia-alvarez.com\/es\/wp-json\/wp\/v2\/users\/5"}],"replies":[{"embeddable":true,"href":"https:\/\/laia-alvarez.com\/es\/wp-json\/wp\/v2\/comments?post=1403"}],"version-history":[{"count":0,"href":"https:\/\/laia-alvarez.com\/es\/wp-json\/wp\/v2\/pages\/1403\/revisions"}],"wp:attachment":[{"href":"https:\/\/laia-alvarez.com\/es\/wp-json\/wp\/v2\/media?parent=1403"}],"curies":[{"name":"wp","href":"https:\/\/api.w.org\/{rel}","templated":true}]}}