{"id":1237,"date":"2015-10-28T20:48:20","date_gmt":"2015-10-28T19:48:20","guid":{"rendered":"https:\/\/laia-alvarez.com\/curriculum-actriz\/"},"modified":"2025-02-12T13:56:54","modified_gmt":"2025-02-12T12:56:54","slug":"vita","status":"publish","type":"page","link":"https:\/\/laia-alvarez.com\/en\/vita\/","title":{"rendered":"Vita"},"content":{"rendered":"\t\t<div data-elementor-type=\"wp-page\" data-elementor-id=\"1237\" class=\"elementor elementor-1237 elementor-88\" data-elementor-post-type=\"page\">\n\t\t\t\t<div class=\"elementor-element elementor-element-075680e e-con-full e-flex e-con e-parent\" data-id=\"075680e\" data-element_type=\"container\">\n\t\t<div class=\"elementor-element elementor-element-099dd1f e-con-full e-flex e-con e-child\" data-id=\"099dd1f\" data-element_type=\"container\">\n\t\t<div class=\"elementor-element elementor-element-c62fc59 e-con-full e-flex e-con e-child\" data-id=\"c62fc59\" data-element_type=\"container\">\n\t\t\t\t<div class=\"elementor-element elementor-element-0bcf098 elementor-widget elementor-widget-heading\" data-id=\"0bcf098\" data-element_type=\"widget\" data-widget_type=\"heading.default\">\n\t\t\t\t<div class=\"elementor-widget-container\">\n\t\t\t\t\t<h4 class=\"elementor-heading-title elementor-size-default\">Film\/TV<\/h4>\t\t\t\t<\/div>\n\t\t\t\t<\/div>\n\t\t\t\t<div class=\"elementor-element elementor-element-a73058d elementor-widget elementor-widget-text-editor\" data-id=\"a73058d\" data-element_type=\"widget\" data-widget_type=\"text-editor.default\">\n\t\t\t\t<div class=\"elementor-widget-container\">\n\t\t\t\t\t\t\t\t\t<p>2025 Bone Palace. Dr. Nora Thalmann. <strong>Netflix<\/strong>. Dir. Lennart Ruff<\/p><p>2025 In aller Freundschaft. Magaly P\u00e9rez. <strong>ARD<\/strong>. Dir. Daniel Drechsel-Grau<\/p><p>2024 L\u00f6wenzahn. Ava. <strong>ZDFtivi<\/strong>. Dir. Hannes Spring<\/p><p>2024 SOKO Stuttgart. Claudia Michalek. <strong>ZDF<\/strong>.Dir. Daniel Helfer<\/p><p>2024 F\u00fcr Immer Sommer.\u00a0 Antonia Domingo Krupp. <strong>ARD<\/strong>. Dir. Micky Rohwitz<\/p><p>2024 SOKO Leipzig. Irene Kr\u00e4mer. <strong>ZDF<\/strong>. Dir. Lydia Bruna<\/p><p>2024 Die Drei von der M\u00fcllabfuhr &#8211; Der Neue. Ana Gonz\u00e1lez. <strong>ARD<\/strong>. Dir. Christiane Balthasar<\/p><p>2023 Fritzie &#8211; Der Himmel muss warten. <strong>ZDF<\/strong>. Lisa Marie. Dir. Franziska H\u00f6risch<\/p><p>2023 L\u00f6wenzahn. <strong>KIKA<\/strong>. Ava. Dir. Hannes Spring<\/p><p>2023 Speak Up. <strong>DFFB. <\/strong>Laura Rodr\u00edguez. Dir. Sof\u00eda Ayala<\/p><p>2023 Oben Ohne. W\u00e4rterin. Dir. Isis Rampf<\/p><p>2023 Ein Hartes St\u00fcck. Teaser. Ana Maria. Dir. Eva Habermann<\/p><p>2023 Fritzie-Der Himmel muss warten.\u00a0<strong>ZDF<\/strong>. Lisa Marie. Dir. Franziska H\u00f6risch<\/p><p>2022 Endlich Witwer-\u00dcber alle Berge, <strong>ZDF<\/strong>. Valeria. Dir. Martin Enlen<\/p><p>2022 Wolfsland-Das dreckige Dutzend,\u00a0<strong>ARD\/MDR<\/strong>. Alicia. Dir. Felix Herzogenrath<\/p><p>2022 Blutige Anf\u00e4nger,\u00a0<strong>ZDF<\/strong>. Benita Wolf. Dir. Philipp Eichholtz<\/p><p>2021 Abgenabelt,\u00a0<strong>Amazon Prime<\/strong>. Frau Kieler-Hidalgo. Dir. Florian Schwarz<\/p><p>2020 Der gute Bulle- nur Tote reden nicht,\u00a0<strong>ZDF<\/strong>. Carola. Dir. Lars Becker<\/p><p>2020 Gute Zeiten Schlechte Zeiten,\u00a0<strong>RTL<\/strong>. Cecile. Dir. Hannes Spring<\/p><p>2019 Com si fos ahir,\u00a0<strong>TV3<\/strong>. Candela. Dir. S\u00f2nia S\u00e1nchez<\/p><p>2019 Venus Express,<strong>\u00a0DFFB<\/strong>. Helena. Dir. Sofia Ayala<\/p><p>2017 Jesus Fuckers,\u00a0<strong>HFF<\/strong>. Christine. Dir. Gloria Stern<\/p><p>2016 Shell,<strong>\u00a0MET<\/strong>. Julia. Dir. Luca Forcignano<\/p><p>2012 Drei Geister,\u00a0<strong>HTW<\/strong>. Geist. Dir. Johanna H\u00fallar<\/p>\t\t\t\t\t\t\t\t<\/div>\n\t\t\t\t<\/div>\n\t\t\t\t<\/div>\n\t\t<div class=\"elementor-element elementor-element-d9b086e e-con-full e-flex e-con e-child\" data-id=\"d9b086e\" data-element_type=\"container\">\n\t\t\t\t<div class=\"elementor-element elementor-element-7f2bd00 elementor-widget elementor-widget-heading\" data-id=\"7f2bd00\" data-element_type=\"widget\" data-widget_type=\"heading.default\">\n\t\t\t\t<div class=\"elementor-widget-container\">\n\t\t\t\t\t<h4 class=\"elementor-heading-title elementor-size-default\">Theater (Selection)<\/h4>\t\t\t\t<\/div>\n\t\t\t\t<\/div>\n\t\t\t\t<div class=\"elementor-element elementor-element-5eb821f elementor-widget elementor-widget-text-editor\" data-id=\"5eb821f\" data-element_type=\"widget\" data-widget_type=\"text-editor.default\">\n\t\t\t\t<div class=\"elementor-widget-container\">\n\t\t\t\t\t\t\t\t\t<p>2016 Kings, MTSB (Berl\u00edn). Mehmet. Dir. Andrea Pinkowski<\/p><p>2016 Vamos, Tanzfabrik (Berlin). Dancer. Dir. Bettina Truffat<\/p><p>2016 Glaube Liebe Hoffnung, MTSB (Berlin). Elisabeth. Dir. Dido-Marie Laux<\/p><p>2015 Irgendwo m\u00fcsste es sch\u00f6n sein, Tschechow Studio (Berlin) . Susanne. Dir. Justus Carri\u00e8re<\/p><p>2014 La casa de Bernarda Alba, MTSB (Berlin). Martirio. Dir. Beatrice Scharmann<\/p><p>2013 Hysterikon, Theater Forum Kreuzberg (Berlin), Frigitte. Dir. Beatrice Scharmann<\/p>\t\t\t\t\t\t\t\t<\/div>\n\t\t\t\t<\/div>\n\t\t\t\t<\/div>\n\t\t<div class=\"elementor-element elementor-element-813ffb4 e-con-full e-flex e-con e-child\" data-id=\"813ffb4\" data-element_type=\"container\">\n\t\t\t\t<div class=\"elementor-element elementor-element-805a20b elementor-widget elementor-widget-heading\" data-id=\"805a20b\" data-element_type=\"widget\" data-widget_type=\"heading.default\">\n\t\t\t\t<div class=\"elementor-widget-container\">\n\t\t\t\t\t<h4 class=\"elementor-heading-title elementor-size-default\">Training<\/h4>\t\t\t\t<\/div>\n\t\t\t\t<\/div>\n\t\t\t\t<div class=\"elementor-element elementor-element-ff050bf elementor-widget elementor-widget-text-editor\" data-id=\"ff050bf\" data-element_type=\"widget\" data-widget_type=\"text-editor.default\">\n\t\t\t\t<div class=\"elementor-widget-container\">\n\t\t\t\t\t\t\t\t\t<p>2018-2019 Ivanna Chubbuck with Frank Feys. Actors Workshop, Barcelona<\/p><p>2018 Luci Lenox. Acting in English. Frankstein Studio, Barcelona.<\/p><p>2018 Laura Jou Estudi per l\u00b4actor. Coaching with Gerard Oms<\/p><p>2018 Pep Armengol. Training. Complot Esc\u00e9nico, Barcelona<\/p><p>2018 Tonucha Vidal. Training. Complot Esc\u00e9nico, Barcelona<\/p><p>2018 Ricardo A. Solla. SITCOM. La Bobina, Barcelona<\/p><p>2018 Esteve Rovira. Camera Acting. La Bobina, Barcelona<\/p><p><strong>2013-2016 Drama Studies at Michael Tschechow Studio Berlin (Berlin)<\/strong><\/p>\t\t\t\t\t\t\t\t<\/div>\n\t\t\t\t<\/div>\n\t\t\t\t<\/div>\n\t\t<div class=\"elementor-element elementor-element-71cb041 e-con-full e-flex e-con e-child\" data-id=\"71cb041\" data-element_type=\"container\">\n\t\t\t\t<div class=\"elementor-element elementor-element-fac2cee elementor-widget elementor-widget-heading\" data-id=\"fac2cee\" data-element_type=\"widget\" data-widget_type=\"heading.default\">\n\t\t\t\t<div class=\"elementor-widget-container\">\n\t\t\t\t\t<h4 class=\"elementor-heading-title elementor-size-default\">Languages<\/h4>\t\t\t\t<\/div>\n\t\t\t\t<\/div>\n\t\t\t\t<div class=\"elementor-element elementor-element-74b3d3f elementor-widget elementor-widget-text-editor\" data-id=\"74b3d3f\" data-element_type=\"widget\" data-widget_type=\"text-editor.default\">\n\t\t\t\t<div class=\"elementor-widget-container\">\n\t\t\t\t\t\t\t\t\t<p>Spanish and Catalan native languages<\/p><p>German and English very fluent<\/p><p>Italian and french basics<\/p>\t\t\t\t\t\t\t\t<\/div>\n\t\t\t\t<\/div>\n\t\t\t\t<\/div>\n\t\t<div class=\"elementor-element elementor-element-9431763 e-con-full e-flex e-con e-child\" data-id=\"9431763\" data-element_type=\"container\">\n\t\t\t\t<div class=\"elementor-element elementor-element-fd61e03 elementor-widget elementor-widget-heading\" data-id=\"fd61e03\" data-element_type=\"widget\" data-widget_type=\"heading.default\">\n\t\t\t\t<div class=\"elementor-widget-container\">\n\t\t\t\t\t<h4 class=\"elementor-heading-title elementor-size-default\">Others<\/h4>\t\t\t\t<\/div>\n\t\t\t\t<\/div>\n\t\t\t\t<div class=\"elementor-element elementor-element-e637a11 elementor-widget elementor-widget-text-editor\" data-id=\"e637a11\" data-element_type=\"widget\" data-widget_type=\"text-editor.default\">\n\t\t\t\t<div class=\"elementor-widget-container\">\n\t\t\t\t\t\t\t\t\t<p>2016 Workshop with Ted Pugh and Fern Sloan. Actors Ensemble New York<\/p><p>2012 Moderation in TV. Laura Sol\u00e9 (TV3). Barcelona<\/p><p>2005-2009 Journalism Studies. Universitat Aut\u00f2noma. Barcelona<\/p><p>2013-2017 Tango argentino at TTMS (Berlin)<\/p><p>2014 Finalist as a Writer IN ZUKUNFT II (Westf\u00e4lisches Landestheater)<\/p><p>2010 Lecoq Workshop. Col.legi del Teatre. Barcelona<\/p>\t\t\t\t\t\t\t\t<\/div>\n\t\t\t\t<\/div>\n\t\t\t\t<\/div>\n\t\t\t\t<\/div>\n\t\t<div class=\"elementor-element elementor-element-ac7a236 e-con-full e-flex elementor-invisible e-con e-child\" data-id=\"ac7a236\" data-element_type=\"container\" data-settings=\"{&quot;background_background&quot;:&quot;slideshow&quot;,&quot;sticky&quot;:&quot;top&quot;,&quot;sticky_on&quot;:[&quot;desktop&quot;,&quot;tablet&quot;],&quot;animation&quot;:&quot;fadeIn&quot;,&quot;background_slideshow_gallery&quot;:[{&quot;id&quot;:3800,&quot;url&quot;:&quot;https:\\\/\\\/laia-alvarez.com\\\/wp-content\\\/uploads\\\/2025\\\/02\\\/laia-alvarez-actress-5-1.jpg&quot;},{&quot;id&quot;:3804,&quot;url&quot;:&quot;https:\\\/\\\/laia-alvarez.com\\\/wp-content\\\/uploads\\\/2025\\\/02\\\/laia-alvarez-actress-8b-1-1.jpg&quot;}],&quot;background_slideshow_loop&quot;:&quot;yes&quot;,&quot;background_slideshow_slide_duration&quot;:5000,&quot;background_slideshow_slide_transition&quot;:&quot;fade&quot;,&quot;background_slideshow_transition_duration&quot;:500,&quot;sticky_offset&quot;:0,&quot;sticky_effects_offset&quot;:0,&quot;sticky_anchor_link_offset&quot;:0}\">\n\t\t\t\t<div class=\"elementor-element elementor-element-46c5101 elementor-widget elementor-widget-spacer\" data-id=\"46c5101\" data-element_type=\"widget\" data-widget_type=\"spacer.default\">\n\t\t\t\t<div class=\"elementor-widget-container\">\n\t\t\t\t\t\t\t<div class=\"elementor-spacer\">\n\t\t\t<div class=\"elementor-spacer-inner\"><\/div>\n\t\t<\/div>\n\t\t\t\t\t\t<\/div>\n\t\t\t\t<\/div>\n\t\t\t\t<\/div>\n\t\t\t\t<\/div>\n\t\t\t\t<\/div>\n\t\t","protected":false},"excerpt":{"rendered":"<p>Film\/TV 2025 Bone Palace. Dr. Nora Thalmann. Netflix. Dir. Lennart Ruff 2025 In aller Freundschaft. Magaly P\u00e9rez. ARD. Dir. Daniel Drechsel-Grau 2024 L\u00f6wenzahn. Ava. ZDFtivi. Dir. Hannes Spring 2024 SOKO Stuttgart. Claudia Michalek. ZDF.Dir. Daniel Helfer 2024 F\u00fcr Immer Sommer.\u00a0 Antonia Domingo Krupp. ARD. Dir. Micky Rohwitz 2024 SOKO Leipzig. Irene Kr\u00e4mer. ZDF. Dir. Lydia [&hellip;]<\/p>\n","protected":false},"author":1,"featured_media":0,"parent":0,"menu_order":0,"comment_status":"closed","ping_status":"closed","template":"","meta":{"footnotes":""},"class_list":["post-1237","page","type-page","status-publish","hentry"],"yoast_head":"<!-- This site is optimized with the Yoast SEO plugin v27.4 - https:\/\/yoast.com\/product\/yoast-seo-wordpress\/ -->\n<title>Vita - Laia Alvarez<\/title>\n<meta name=\"description\" content=\"spanish actress tango dancer.\" \/>\n<meta name=\"robots\" content=\"index, follow, max-snippet:-1, max-image-preview:large, max-video-preview:-1\" \/>\n<link rel=\"canonical\" href=\"https:\/\/laia-alvarez.com\/en\/vita\/\" \/>\n<meta property=\"og:locale\" content=\"en_US\" \/>\n<meta property=\"og:type\" content=\"article\" \/>\n<meta property=\"og:title\" content=\"Vita - Laia Alvarez\" \/>\n<meta property=\"og:description\" content=\"spanish actress tango dancer.\" \/>\n<meta property=\"og:url\" content=\"https:\/\/laia-alvarez.com\/en\/vita\/\" \/>\n<meta property=\"og:site_name\" content=\"Laia Alvarez\" \/>\n<meta property=\"article:modified_time\" content=\"2025-02-12T12:56:54+00:00\" \/>\n<meta name=\"twitter:card\" content=\"summary_large_image\" \/>\n<meta name=\"twitter:label1\" content=\"Est. reading time\" \/>\n\t<meta name=\"twitter:data1\" content=\"2 minutes\" \/>\n<script type=\"application\/ld+json\" class=\"yoast-schema-graph\">{\"@context\":\"https:\\\/\\\/schema.org\",\"@graph\":[{\"@type\":\"WebPage\",\"@id\":\"https:\\\/\\\/laia-alvarez.com\\\/en\\\/vita\\\/\",\"url\":\"https:\\\/\\\/laia-alvarez.com\\\/en\\\/vita\\\/\",\"name\":\"Vita - Laia Alvarez\",\"isPartOf\":{\"@id\":\"https:\\\/\\\/laia-alvarez.com\\\/#website\"},\"datePublished\":\"2015-10-28T19:48:20+00:00\",\"dateModified\":\"2025-02-12T12:56:54+00:00\",\"description\":\"spanish actress tango dancer.\",\"breadcrumb\":{\"@id\":\"https:\\\/\\\/laia-alvarez.com\\\/en\\\/vita\\\/#breadcrumb\"},\"inLanguage\":\"en-US\",\"potentialAction\":[{\"@type\":\"ReadAction\",\"target\":[\"https:\\\/\\\/laia-alvarez.com\\\/en\\\/vita\\\/\"]}]},{\"@type\":\"BreadcrumbList\",\"@id\":\"https:\\\/\\\/laia-alvarez.com\\\/en\\\/vita\\\/#breadcrumb\",\"itemListElement\":[{\"@type\":\"ListItem\",\"position\":1,\"name\":\"Portada\",\"item\":\"https:\\\/\\\/laia-alvarez.com\\\/en\\\/actriz-con-tango\\\/\"},{\"@type\":\"ListItem\",\"position\":2,\"name\":\"Vita\"}]},{\"@type\":\"WebSite\",\"@id\":\"https:\\\/\\\/laia-alvarez.com\\\/#website\",\"url\":\"https:\\\/\\\/laia-alvarez.com\\\/\",\"name\":\"Laia Alvarez\",\"description\":\"\",\"publisher\":{\"@id\":\"https:\\\/\\\/laia-alvarez.com\\\/#\\\/schema\\\/person\\\/4166490bf542d632c5f26a3d822c905e\"},\"potentialAction\":[{\"@type\":\"SearchAction\",\"target\":{\"@type\":\"EntryPoint\",\"urlTemplate\":\"https:\\\/\\\/laia-alvarez.com\\\/?s={search_term_string}\"},\"query-input\":{\"@type\":\"PropertyValueSpecification\",\"valueRequired\":true,\"valueName\":\"search_term_string\"}}],\"inLanguage\":\"en-US\"},{\"@type\":[\"Person\",\"Organization\"],\"@id\":\"https:\\\/\\\/laia-alvarez.com\\\/#\\\/schema\\\/person\\\/4166490bf542d632c5f26a3d822c905e\",\"name\":\"Laia Alvarez\",\"image\":{\"@type\":\"ImageObject\",\"inLanguage\":\"en-US\",\"@id\":\"https:\\\/\\\/laia-alvarez.com\\\/wp-content\\\/uploads\\\/2019\\\/02\\\/laia-alvarez-actress-04.jpg\",\"url\":\"https:\\\/\\\/laia-alvarez.com\\\/wp-content\\\/uploads\\\/2019\\\/02\\\/laia-alvarez-actress-04.jpg\",\"contentUrl\":\"https:\\\/\\\/laia-alvarez.com\\\/wp-content\\\/uploads\\\/2019\\\/02\\\/laia-alvarez-actress-04.jpg\",\"width\":667,\"height\":1000,\"caption\":\"Laia Alvarez\"},\"logo\":{\"@id\":\"https:\\\/\\\/laia-alvarez.com\\\/wp-content\\\/uploads\\\/2019\\\/02\\\/laia-alvarez-actress-04.jpg\"},\"sameAs\":[\"laia_alvarezz\"]}]}<\/script>\n<!-- \/ Yoast SEO plugin. -->","yoast_head_json":{"title":"Vita - Laia Alvarez","description":"spanish actress tango dancer.","robots":{"index":"index","follow":"follow","max-snippet":"max-snippet:-1","max-image-preview":"max-image-preview:large","max-video-preview":"max-video-preview:-1"},"canonical":"https:\/\/laia-alvarez.com\/en\/vita\/","og_locale":"en_US","og_type":"article","og_title":"Vita - Laia Alvarez","og_description":"spanish actress tango dancer.","og_url":"https:\/\/laia-alvarez.com\/en\/vita\/","og_site_name":"Laia Alvarez","article_modified_time":"2025-02-12T12:56:54+00:00","twitter_card":"summary_large_image","twitter_misc":{"Est. reading time":"2 minutes"},"schema":{"@context":"https:\/\/schema.org","@graph":[{"@type":"WebPage","@id":"https:\/\/laia-alvarez.com\/en\/vita\/","url":"https:\/\/laia-alvarez.com\/en\/vita\/","name":"Vita - Laia Alvarez","isPartOf":{"@id":"https:\/\/laia-alvarez.com\/#website"},"datePublished":"2015-10-28T19:48:20+00:00","dateModified":"2025-02-12T12:56:54+00:00","description":"spanish actress tango dancer.","breadcrumb":{"@id":"https:\/\/laia-alvarez.com\/en\/vita\/#breadcrumb"},"inLanguage":"en-US","potentialAction":[{"@type":"ReadAction","target":["https:\/\/laia-alvarez.com\/en\/vita\/"]}]},{"@type":"BreadcrumbList","@id":"https:\/\/laia-alvarez.com\/en\/vita\/#breadcrumb","itemListElement":[{"@type":"ListItem","position":1,"name":"Portada","item":"https:\/\/laia-alvarez.com\/en\/actriz-con-tango\/"},{"@type":"ListItem","position":2,"name":"Vita"}]},{"@type":"WebSite","@id":"https:\/\/laia-alvarez.com\/#website","url":"https:\/\/laia-alvarez.com\/","name":"Laia Alvarez","description":"","publisher":{"@id":"https:\/\/laia-alvarez.com\/#\/schema\/person\/4166490bf542d632c5f26a3d822c905e"},"potentialAction":[{"@type":"SearchAction","target":{"@type":"EntryPoint","urlTemplate":"https:\/\/laia-alvarez.com\/?s={search_term_string}"},"query-input":{"@type":"PropertyValueSpecification","valueRequired":true,"valueName":"search_term_string"}}],"inLanguage":"en-US"},{"@type":["Person","Organization"],"@id":"https:\/\/laia-alvarez.com\/#\/schema\/person\/4166490bf542d632c5f26a3d822c905e","name":"Laia Alvarez","image":{"@type":"ImageObject","inLanguage":"en-US","@id":"https:\/\/laia-alvarez.com\/wp-content\/uploads\/2019\/02\/laia-alvarez-actress-04.jpg","url":"https:\/\/laia-alvarez.com\/wp-content\/uploads\/2019\/02\/laia-alvarez-actress-04.jpg","contentUrl":"https:\/\/laia-alvarez.com\/wp-content\/uploads\/2019\/02\/laia-alvarez-actress-04.jpg","width":667,"height":1000,"caption":"Laia Alvarez"},"logo":{"@id":"https:\/\/laia-alvarez.com\/wp-content\/uploads\/2019\/02\/laia-alvarez-actress-04.jpg"},"sameAs":["laia_alvarezz"]}]}},"_links":{"self":[{"href":"https:\/\/laia-alvarez.com\/en\/wp-json\/wp\/v2\/pages\/1237","targetHints":{"allow":["GET"]}}],"collection":[{"href":"https:\/\/laia-alvarez.com\/en\/wp-json\/wp\/v2\/pages"}],"about":[{"href":"https:\/\/laia-alvarez.com\/en\/wp-json\/wp\/v2\/types\/page"}],"author":[{"embeddable":true,"href":"https:\/\/laia-alvarez.com\/en\/wp-json\/wp\/v2\/users\/1"}],"replies":[{"embeddable":true,"href":"https:\/\/laia-alvarez.com\/en\/wp-json\/wp\/v2\/comments?post=1237"}],"version-history":[{"count":0,"href":"https:\/\/laia-alvarez.com\/en\/wp-json\/wp\/v2\/pages\/1237\/revisions"}],"wp:attachment":[{"href":"https:\/\/laia-alvarez.com\/en\/wp-json\/wp\/v2\/media?parent=1237"}],"curies":[{"name":"wp","href":"https:\/\/api.w.org\/{rel}","templated":true}]}}