{"id":1236,"date":"2015-10-28T20:48:20","date_gmt":"2015-10-28T19:48:20","guid":{"rendered":"https:\/\/laia-alvarez.com\/curriculum-actriz\/"},"modified":"2025-02-12T13:56:32","modified_gmt":"2025-02-12T12:56:32","slug":"cv","status":"publish","type":"page","link":"https:\/\/laia-alvarez.com\/ca\/cv\/","title":{"rendered":"CV"},"content":{"rendered":"\t\t<div data-elementor-type=\"wp-page\" data-elementor-id=\"1236\" class=\"elementor elementor-1236 elementor-88\" data-elementor-post-type=\"page\">\n\t\t\t\t<div class=\"elementor-element elementor-element-90ddab8 e-con-full e-flex e-con e-parent\" data-id=\"90ddab8\" data-element_type=\"container\">\n\t\t<div class=\"elementor-element elementor-element-9cc8771 e-con-full e-flex e-con e-child\" data-id=\"9cc8771\" data-element_type=\"container\">\n\t\t<div class=\"elementor-element elementor-element-2d7bd64 e-con-full e-flex e-con e-child\" data-id=\"2d7bd64\" data-element_type=\"container\">\n\t\t\t\t<div class=\"elementor-element elementor-element-3351950 elementor-widget elementor-widget-heading\" data-id=\"3351950\" data-element_type=\"widget\" data-widget_type=\"heading.default\">\n\t\t\t\t<div class=\"elementor-widget-container\">\n\t\t\t\t\t<h4 class=\"elementor-heading-title elementor-size-default\">Cinema\/TV<\/h4>\t\t\t\t<\/div>\n\t\t\t\t<\/div>\n\t\t\t\t<div class=\"elementor-element elementor-element-8711093 elementor-widget elementor-widget-text-editor\" data-id=\"8711093\" data-element_type=\"widget\" data-widget_type=\"text-editor.default\">\n\t\t\t\t<div class=\"elementor-widget-container\">\n\t\t\t\t\t\t\t\t\t<p>2025 In aller Freundschaft. Protagonista. Magaly P\u00e9rez. <strong>ARD<\/strong>. Dir. Daniel Drechsel-Grau<\/p><p>2025 Bone Palace. Dr. Nora Thalmann. <strong>Netflix<\/strong>. Dir. Lennart Ruff<\/p><p>2024 L\u00f6wenzahn. Personatge de continuitat. Ava. <strong>ZDFtivi<\/strong>. Dir. Hannes Spring<\/p><p>2024 SOKO Stuttgart. Protagonista. Claudia Michalek. <strong>ZDF<\/strong>. Dir. Daniel Helfer<\/p><p>2024 F\u00fcr Immer Sommer. \u00a0Personatge de continuitat. Antonia Domingo Krupp. <strong>ARD<\/strong>. Dir. Micky Rohwitz<\/p><p>2024 SOKO Leipzig. Protagonista.\u00a0Irene Kr\u00e4mer. <strong>ZDF<\/strong>. Dir. Lydia Bruna<\/p><p>2023 Die Drei von der M\u00fcllabfuhr &#8211; Der Neue.\u00a0Protagonista. Ana Gonz\u00e1lez. <strong>ARD<\/strong>. Dir. Christiane Balthasar<\/p><p>2023 Fritzie &#8211; Der Himmel muss warten. <strong>ZDF<\/strong>. Lisa Marie. Dir. Franziska H\u00f6risch<\/p><p>2023 L\u00f6wenzahn. <strong>KIKA<\/strong>. Ava. Dir. Hannes Spring<\/p><p>2023 Speak Up. <strong>DFFB. <\/strong>Laura Rodr\u00edguez. Dir. Sof\u00eda Ayala<\/p><p>2023 Oben Ohne. Llargmetratge. W\u00e4rterin. Dir. Isis Rampf<\/p><p>2023 Ein Hartes St\u00fcck. Teaser. Ana Maria. Dir. Eva Habermann<\/p><p>2022 Endlich Witwer-Bella Ciao,\u00a0<strong>ZDF<\/strong>. Valeria. Dir. Martin Enlen<\/p><p>2022 Wolfsland-Das dreckige Dutzend,\u00a0<strong>ARD\/MDR<\/strong>. Alicia. Dir. Felix Herzogenrath<\/p><p>2022 Blutige Anf\u00e4nger,\u00a0<strong>ZDF<\/strong>. Benita Wolf. Dir. Philipp Eichholtz<\/p><p>2021 Abgenabelt,\u00a0<strong>Amazon Prime<\/strong>. Frau Kieler-Hidalgo. Dir. Florian Schwarz<\/p><p>2020 Der gute Bulle- nur Tote reden nicht,\u00a0<strong>ZDF<\/strong>. Carola. Dir. Lars Becker<\/p><p>2020 Gute Zeiten Schlechte Zeiten,\u00a0<strong>RTL<\/strong>. Cecile. Dir. Hannes Spring<\/p><p>2019 Com si fos ahir,\u00a0<strong>TV3<\/strong>. Candela. Dir. S\u00f2nia S\u00e1nchez<\/p><p>2019 Venus Express,<strong>\u00a0DFFB<\/strong>. Helena. Dir. Sofia Ayala<\/p><p>2017 Jesus Fuckers,\u00a0<strong>HFF<\/strong>. Christine. Dir. Gloria Stern<\/p><p>2016 Shell,<strong>\u00a0MET<\/strong>. Julia. Dir. Luca Forcignano<\/p><p>2012 Drei Geister,\u00a0<strong>HTW<\/strong>. Geist. Dir. Johanna H\u00fallar<\/p>\t\t\t\t\t\t\t\t<\/div>\n\t\t\t\t<\/div>\n\t\t\t\t<\/div>\n\t\t<div class=\"elementor-element elementor-element-0e97837 e-con-full e-flex e-con e-child\" data-id=\"0e97837\" data-element_type=\"container\">\n\t\t\t\t<div class=\"elementor-element elementor-element-0996df0 elementor-widget elementor-widget-heading\" data-id=\"0996df0\" data-element_type=\"widget\" data-widget_type=\"heading.default\">\n\t\t\t\t<div class=\"elementor-widget-container\">\n\t\t\t\t\t<h4 class=\"elementor-heading-title elementor-size-default\">Teatre (selecci\u00f3)<\/h4>\t\t\t\t<\/div>\n\t\t\t\t<\/div>\n\t\t\t\t<div class=\"elementor-element elementor-element-867d2d0 elementor-widget elementor-widget-text-editor\" data-id=\"867d2d0\" data-element_type=\"widget\" data-widget_type=\"text-editor.default\">\n\t\t\t\t<div class=\"elementor-widget-container\">\n\t\t\t\t\t\t\t\t\t<p>2016 Kings, MTSB (Berl\u00edn). Mehmet. Dir. Andrea Pinkowski<\/p><p>2016 Vamos, Tanzfabrik (Berlin). Dancer. Dir. Bettina Truffat<\/p><p>2016 Glaube Liebe Hoffnung, MTSB (Berlin). Elisabeth. Dir. Dido-Marie Laux<\/p><p>2015 Irgendwo m\u00fcsste es sch\u00f6n sein, Tschechow Studio (Berlin) . Susanne. Dir. Justus Carri\u00e8re<\/p><p>2014 La casa de Bernarda Alba, MTSB (Berlin). Martirio. Dir. Beatrice Scharmann<\/p><p>2013 Hysterikon, Theater Forum Kreuzberg (Berlin), Frigitte. Dir. Beatrice Scharmann<\/p>\t\t\t\t\t\t\t\t<\/div>\n\t\t\t\t<\/div>\n\t\t\t\t<\/div>\n\t\t<div class=\"elementor-element elementor-element-de6506a e-con-full e-flex e-con e-child\" data-id=\"de6506a\" data-element_type=\"container\">\n\t\t\t\t<div class=\"elementor-element elementor-element-70e9805 elementor-widget elementor-widget-heading\" data-id=\"70e9805\" data-element_type=\"widget\" data-widget_type=\"heading.default\">\n\t\t\t\t<div class=\"elementor-widget-container\">\n\t\t\t\t\t<h4 class=\"elementor-heading-title elementor-size-default\">Formaci\u00f3<\/h4>\t\t\t\t<\/div>\n\t\t\t\t<\/div>\n\t\t\t\t<div class=\"elementor-element elementor-element-35513f3 elementor-widget elementor-widget-text-editor\" data-id=\"35513f3\" data-element_type=\"widget\" data-widget_type=\"text-editor.default\">\n\t\t\t\t<div class=\"elementor-widget-container\">\n\t\t\t\t\t\t\t\t\t<p>2018 Laura Jou Estudi per l&#8217;actor. Coaching amb Gerard Oms<\/p><p>2018-2019 Ivanna Chubbuck amb Frank Feys. Actors Workshop, Barcelona<\/p><p>2018 Luci Lenox. Acting in English. Frankstein Studio, Barcelona<\/p><p>2018 Pep Armengol. Monogr\u00e0fic sobre Casting. Complot Esc\u00e9nico, Barcelona<\/p><p>2018 Tonucha Vidal. Monogr\u00e0fic sobre casting. Complot Esc\u00e9nico, Barcelona<\/p><p>2018 Ricardo A. Solla. SITCOM. La Bobina, Barcelona<\/p><p>2018 Esteve Rovira. Actuaci\u00f3 davant de c\u00e0mera. La Bobina, Barcelona<\/p><p><strong>2013-2016 Estudis d&#8217;art dram\u00e0tic a l&#8217;escola Chekov de Berlin (Berlin)<\/strong><\/p>\t\t\t\t\t\t\t\t<\/div>\n\t\t\t\t<\/div>\n\t\t\t\t<\/div>\n\t\t<div class=\"elementor-element elementor-element-2f6f7ed e-con-full e-flex e-con e-child\" data-id=\"2f6f7ed\" data-element_type=\"container\">\n\t\t\t\t<div class=\"elementor-element elementor-element-afdad36 elementor-widget elementor-widget-heading\" data-id=\"afdad36\" data-element_type=\"widget\" data-widget_type=\"heading.default\">\n\t\t\t\t<div class=\"elementor-widget-container\">\n\t\t\t\t\t<h4 class=\"elementor-heading-title elementor-size-default\">Lleng\u00fces<\/h4>\t\t\t\t<\/div>\n\t\t\t\t<\/div>\n\t\t\t\t<div class=\"elementor-element elementor-element-c289f88 elementor-widget elementor-widget-text-editor\" data-id=\"c289f88\" data-element_type=\"widget\" data-widget_type=\"text-editor.default\">\n\t\t\t\t<div class=\"elementor-widget-container\">\n\t\t\t\t\t\t\t\t\t<p>Alemany nivell natiu<\/p><p>Angl\u00e8s molt fluid<\/p><p>Castell\u00e0 i catal\u00e0 lleng\u00fces maternes<\/p><p>Itali\u00e0 i franc\u00e8s b\u00e0sic<\/p>\t\t\t\t\t\t\t\t<\/div>\n\t\t\t\t<\/div>\n\t\t\t\t<\/div>\n\t\t<div class=\"elementor-element elementor-element-e6ff751 e-con-full e-flex e-con e-child\" data-id=\"e6ff751\" data-element_type=\"container\">\n\t\t\t\t<div class=\"elementor-element elementor-element-129b686 elementor-widget elementor-widget-heading\" data-id=\"129b686\" data-element_type=\"widget\" data-widget_type=\"heading.default\">\n\t\t\t\t<div class=\"elementor-widget-container\">\n\t\t\t\t\t<h4 class=\"elementor-heading-title elementor-size-default\">Altres<\/h4>\t\t\t\t<\/div>\n\t\t\t\t<\/div>\n\t\t\t\t<div class=\"elementor-element elementor-element-989d86d elementor-widget elementor-widget-text-editor\" data-id=\"989d86d\" data-element_type=\"widget\" data-widget_type=\"text-editor.default\">\n\t\t\t\t<div class=\"elementor-widget-container\">\n\t\t\t\t\t\t\t\t\t<p>2016 Workshop amb Ted Pugh and Fern Sloan. Actors Ensemble Nova York<\/p><p>2009 Llicenciatura en Periodisme. Universitat Aut\u00f2noma. Barcelona<\/p><p>2012 Curs de moderaci\u00f3 en TV. Laura Sol\u00e9 (TV3). Barcelona<\/p><p>2013-2017 Tango argentino al TTMS (Berl\u00edn)<\/p><p>2014 Finalista del concurs d\u00b4autors de teatre IN ZUKUNFT II pel Westf\u00e4lisches Landestheater<\/p><p>2015-Actualitat Membre del NIDS (Maxim Gorki Berlin)<\/p><p>2010 Taller Lecoq. Col.legi del Teatre. Barcelona<\/p>\t\t\t\t\t\t\t\t<\/div>\n\t\t\t\t<\/div>\n\t\t\t\t<\/div>\n\t\t\t\t<\/div>\n\t\t<div class=\"elementor-element elementor-element-3093297 e-con-full e-flex elementor-invisible e-con e-child\" data-id=\"3093297\" data-element_type=\"container\" data-settings=\"{&quot;background_background&quot;:&quot;slideshow&quot;,&quot;sticky&quot;:&quot;top&quot;,&quot;sticky_on&quot;:[&quot;desktop&quot;,&quot;tablet&quot;],&quot;animation&quot;:&quot;fadeIn&quot;,&quot;background_slideshow_gallery&quot;:[{&quot;id&quot;:&quot;3800&quot;,&quot;url&quot;:&quot;https:\\\/\\\/laia-alvarez.com\\\/wp-content\\\/uploads\\\/2025\\\/02\\\/laia-alvarez-actress-5-1.jpg&quot;},{&quot;id&quot;:&quot;3804&quot;,&quot;url&quot;:&quot;https:\\\/\\\/laia-alvarez.com\\\/wp-content\\\/uploads\\\/2025\\\/02\\\/laia-alvarez-actress-8b-1-1.jpg&quot;}],&quot;background_slideshow_loop&quot;:&quot;yes&quot;,&quot;background_slideshow_slide_duration&quot;:5000,&quot;background_slideshow_slide_transition&quot;:&quot;fade&quot;,&quot;background_slideshow_transition_duration&quot;:500,&quot;sticky_offset&quot;:0,&quot;sticky_effects_offset&quot;:0,&quot;sticky_anchor_link_offset&quot;:0}\">\n\t\t\t\t<div class=\"elementor-element elementor-element-a46d541 elementor-widget elementor-widget-spacer\" data-id=\"a46d541\" data-element_type=\"widget\" data-widget_type=\"spacer.default\">\n\t\t\t\t<div class=\"elementor-widget-container\">\n\t\t\t\t\t\t\t<div class=\"elementor-spacer\">\n\t\t\t<div class=\"elementor-spacer-inner\"><\/div>\n\t\t<\/div>\n\t\t\t\t\t\t<\/div>\n\t\t\t\t<\/div>\n\t\t\t\t<\/div>\n\t\t\t\t<\/div>\n\t\t\t\t<\/div>\n\t\t","protected":false},"excerpt":{"rendered":"<p>Cinema\/TV 2025 In aller Freundschaft. Protagonista. Magaly P\u00e9rez. ARD. Dir. Daniel Drechsel-Grau 2025 Bone Palace. Dr. Nora Thalmann. Netflix. Dir. Lennart Ruff 2024 L\u00f6wenzahn. Personatge de continuitat. Ava. ZDFtivi. Dir. Hannes Spring 2024 SOKO Stuttgart. Protagonista. Claudia Michalek. ZDF. Dir. Daniel Helfer 2024 F\u00fcr Immer Sommer. \u00a0Personatge de continuitat. Antonia Domingo Krupp. ARD. Dir. Micky [&hellip;]<\/p>\n","protected":false},"author":1,"featured_media":0,"parent":0,"menu_order":0,"comment_status":"closed","ping_status":"closed","template":"","meta":{"footnotes":""},"class_list":["post-1236","page","type-page","status-publish","hentry"],"yoast_head":"<!-- This site is optimized with the Yoast SEO plugin v27.4 - https:\/\/yoast.com\/product\/yoast-seo-wordpress\/ -->\n<title>CV - Laia Alvarez<\/title>\n<meta name=\"description\" content=\"actriu amb alemany.\" \/>\n<meta name=\"robots\" content=\"index, follow, max-snippet:-1, max-image-preview:large, max-video-preview:-1\" \/>\n<link rel=\"canonical\" href=\"https:\/\/laia-alvarez.com\/ca\/cv\/\" \/>\n<meta property=\"og:locale\" content=\"ca_ES\" \/>\n<meta property=\"og:type\" content=\"article\" \/>\n<meta property=\"og:title\" content=\"CV - Laia Alvarez\" \/>\n<meta property=\"og:description\" content=\"actriu amb alemany.\" \/>\n<meta property=\"og:url\" content=\"https:\/\/laia-alvarez.com\/ca\/cv\/\" \/>\n<meta property=\"og:site_name\" content=\"Laia Alvarez\" \/>\n<meta property=\"article:modified_time\" content=\"2025-02-12T12:56:32+00:00\" \/>\n<meta name=\"twitter:card\" content=\"summary_large_image\" \/>\n<meta name=\"twitter:label1\" content=\"Temps estimat de lectura\" \/>\n\t<meta name=\"twitter:data1\" content=\"3 minuts\" \/>\n<script type=\"application\/ld+json\" class=\"yoast-schema-graph\">{\"@context\":\"https:\\\/\\\/schema.org\",\"@graph\":[{\"@type\":\"WebPage\",\"@id\":\"https:\\\/\\\/laia-alvarez.com\\\/ca\\\/cv\\\/\",\"url\":\"https:\\\/\\\/laia-alvarez.com\\\/ca\\\/cv\\\/\",\"name\":\"CV - Laia Alvarez\",\"isPartOf\":{\"@id\":\"https:\\\/\\\/laia-alvarez.com\\\/#website\"},\"datePublished\":\"2015-10-28T19:48:20+00:00\",\"dateModified\":\"2025-02-12T12:56:32+00:00\",\"description\":\"actriu amb alemany.\",\"breadcrumb\":{\"@id\":\"https:\\\/\\\/laia-alvarez.com\\\/ca\\\/cv\\\/#breadcrumb\"},\"inLanguage\":\"ca\",\"potentialAction\":[{\"@type\":\"ReadAction\",\"target\":[\"https:\\\/\\\/laia-alvarez.com\\\/ca\\\/cv\\\/\"]}]},{\"@type\":\"BreadcrumbList\",\"@id\":\"https:\\\/\\\/laia-alvarez.com\\\/ca\\\/cv\\\/#breadcrumb\",\"itemListElement\":[{\"@type\":\"ListItem\",\"position\":1,\"name\":\"Portada\",\"item\":\"https:\\\/\\\/laia-alvarez.com\\\/ca\\\/actriz-con-tango\\\/\"},{\"@type\":\"ListItem\",\"position\":2,\"name\":\"CV\"}]},{\"@type\":\"WebSite\",\"@id\":\"https:\\\/\\\/laia-alvarez.com\\\/#website\",\"url\":\"https:\\\/\\\/laia-alvarez.com\\\/\",\"name\":\"Laia Alvarez\",\"description\":\"\",\"publisher\":{\"@id\":\"https:\\\/\\\/laia-alvarez.com\\\/#\\\/schema\\\/person\\\/4166490bf542d632c5f26a3d822c905e\"},\"potentialAction\":[{\"@type\":\"SearchAction\",\"target\":{\"@type\":\"EntryPoint\",\"urlTemplate\":\"https:\\\/\\\/laia-alvarez.com\\\/?s={search_term_string}\"},\"query-input\":{\"@type\":\"PropertyValueSpecification\",\"valueRequired\":true,\"valueName\":\"search_term_string\"}}],\"inLanguage\":\"ca\"},{\"@type\":[\"Person\",\"Organization\"],\"@id\":\"https:\\\/\\\/laia-alvarez.com\\\/#\\\/schema\\\/person\\\/4166490bf542d632c5f26a3d822c905e\",\"name\":\"Laia Alvarez\",\"image\":{\"@type\":\"ImageObject\",\"inLanguage\":\"ca\",\"@id\":\"https:\\\/\\\/laia-alvarez.com\\\/wp-content\\\/uploads\\\/2019\\\/02\\\/laia-alvarez-actress-04.jpg\",\"url\":\"https:\\\/\\\/laia-alvarez.com\\\/wp-content\\\/uploads\\\/2019\\\/02\\\/laia-alvarez-actress-04.jpg\",\"contentUrl\":\"https:\\\/\\\/laia-alvarez.com\\\/wp-content\\\/uploads\\\/2019\\\/02\\\/laia-alvarez-actress-04.jpg\",\"width\":667,\"height\":1000,\"caption\":\"Laia Alvarez\"},\"logo\":{\"@id\":\"https:\\\/\\\/laia-alvarez.com\\\/wp-content\\\/uploads\\\/2019\\\/02\\\/laia-alvarez-actress-04.jpg\"},\"sameAs\":[\"laia_alvarezz\"]}]}<\/script>\n<!-- \/ Yoast SEO plugin. -->","yoast_head_json":{"title":"CV - Laia Alvarez","description":"actriu amb alemany.","robots":{"index":"index","follow":"follow","max-snippet":"max-snippet:-1","max-image-preview":"max-image-preview:large","max-video-preview":"max-video-preview:-1"},"canonical":"https:\/\/laia-alvarez.com\/ca\/cv\/","og_locale":"ca_ES","og_type":"article","og_title":"CV - Laia Alvarez","og_description":"actriu amb alemany.","og_url":"https:\/\/laia-alvarez.com\/ca\/cv\/","og_site_name":"Laia Alvarez","article_modified_time":"2025-02-12T12:56:32+00:00","twitter_card":"summary_large_image","twitter_misc":{"Temps estimat de lectura":"3 minuts"},"schema":{"@context":"https:\/\/schema.org","@graph":[{"@type":"WebPage","@id":"https:\/\/laia-alvarez.com\/ca\/cv\/","url":"https:\/\/laia-alvarez.com\/ca\/cv\/","name":"CV - Laia Alvarez","isPartOf":{"@id":"https:\/\/laia-alvarez.com\/#website"},"datePublished":"2015-10-28T19:48:20+00:00","dateModified":"2025-02-12T12:56:32+00:00","description":"actriu amb alemany.","breadcrumb":{"@id":"https:\/\/laia-alvarez.com\/ca\/cv\/#breadcrumb"},"inLanguage":"ca","potentialAction":[{"@type":"ReadAction","target":["https:\/\/laia-alvarez.com\/ca\/cv\/"]}]},{"@type":"BreadcrumbList","@id":"https:\/\/laia-alvarez.com\/ca\/cv\/#breadcrumb","itemListElement":[{"@type":"ListItem","position":1,"name":"Portada","item":"https:\/\/laia-alvarez.com\/ca\/actriz-con-tango\/"},{"@type":"ListItem","position":2,"name":"CV"}]},{"@type":"WebSite","@id":"https:\/\/laia-alvarez.com\/#website","url":"https:\/\/laia-alvarez.com\/","name":"Laia Alvarez","description":"","publisher":{"@id":"https:\/\/laia-alvarez.com\/#\/schema\/person\/4166490bf542d632c5f26a3d822c905e"},"potentialAction":[{"@type":"SearchAction","target":{"@type":"EntryPoint","urlTemplate":"https:\/\/laia-alvarez.com\/?s={search_term_string}"},"query-input":{"@type":"PropertyValueSpecification","valueRequired":true,"valueName":"search_term_string"}}],"inLanguage":"ca"},{"@type":["Person","Organization"],"@id":"https:\/\/laia-alvarez.com\/#\/schema\/person\/4166490bf542d632c5f26a3d822c905e","name":"Laia Alvarez","image":{"@type":"ImageObject","inLanguage":"ca","@id":"https:\/\/laia-alvarez.com\/wp-content\/uploads\/2019\/02\/laia-alvarez-actress-04.jpg","url":"https:\/\/laia-alvarez.com\/wp-content\/uploads\/2019\/02\/laia-alvarez-actress-04.jpg","contentUrl":"https:\/\/laia-alvarez.com\/wp-content\/uploads\/2019\/02\/laia-alvarez-actress-04.jpg","width":667,"height":1000,"caption":"Laia Alvarez"},"logo":{"@id":"https:\/\/laia-alvarez.com\/wp-content\/uploads\/2019\/02\/laia-alvarez-actress-04.jpg"},"sameAs":["laia_alvarezz"]}]}},"_links":{"self":[{"href":"https:\/\/laia-alvarez.com\/ca\/wp-json\/wp\/v2\/pages\/1236","targetHints":{"allow":["GET"]}}],"collection":[{"href":"https:\/\/laia-alvarez.com\/ca\/wp-json\/wp\/v2\/pages"}],"about":[{"href":"https:\/\/laia-alvarez.com\/ca\/wp-json\/wp\/v2\/types\/page"}],"author":[{"embeddable":true,"href":"https:\/\/laia-alvarez.com\/ca\/wp-json\/wp\/v2\/users\/1"}],"replies":[{"embeddable":true,"href":"https:\/\/laia-alvarez.com\/ca\/wp-json\/wp\/v2\/comments?post=1236"}],"version-history":[{"count":0,"href":"https:\/\/laia-alvarez.com\/ca\/wp-json\/wp\/v2\/pages\/1236\/revisions"}],"wp:attachment":[{"href":"https:\/\/laia-alvarez.com\/ca\/wp-json\/wp\/v2\/media?parent=1236"}],"curies":[{"name":"wp","href":"https:\/\/api.w.org\/{rel}","templated":true}]}}